{"id":110,"date":"2023-12-19T01:26:49","date_gmt":"2023-12-19T00:26:49","guid":{"rendered":"https:\/\/ultracinema.x10.mx\/mx\/?page_id=110"},"modified":"2023-12-19T20:23:25","modified_gmt":"2023-12-19T19:23:25","slug":"jornadas-de-reapropiacion-2015","status":"publish","type":"page","link":"https:\/\/ultracinema.x10.mx\/mx\/jornadas-de-reapropiacion-2015\/","title":{"rendered":"Jornadas de Reapropiaci\u00f3n 2015"},"content":{"rendered":"\t\t<div data-elementor-type=\"wp-page\" data-elementor-id=\"110\" class=\"elementor elementor-110\">\n\t\t\t\t<div class=\"elementor-element elementor-element-8fbc627 e-flex e-con-boxed e-con e-parent\" data-id=\"8fbc627\" data-element_type=\"container\" data-e-type=\"container\">\n\t\t\t\t\t<div class=\"e-con-inner\">\n\t\t<div class=\"elementor-element elementor-element-71f1ba9 e-con-full e-flex e-con e-child\" data-id=\"71f1ba9\" data-element_type=\"container\" data-e-type=\"container\">\n\t\t\t\t<div class=\"elementor-element elementor-element-f9f758b elementor-widget elementor-widget-image\" data-id=\"f9f758b\" data-element_type=\"widget\" data-e-type=\"widget\" data-widget_type=\"image.default\">\n\t\t\t\t<div class=\"elementor-widget-container\">\n\t\t\t\t\t\t\t\t\t\t\t\t\t\t\t<img fetchpriority=\"high\" decoding=\"async\" width=\"640\" height=\"990\" src=\"https:\/\/ultracinema.x10.mx\/mx\/wp-content\/uploads\/sites\/9\/2023\/12\/cartel-JdR-662x1024.jpg\" class=\"attachment-large size-large wp-image-112\" alt=\"\" srcset=\"https:\/\/ultracinema.x10.mx\/mx\/wp-content\/uploads\/sites\/9\/2023\/12\/cartel-JdR-662x1024.jpg 662w, https:\/\/ultracinema.x10.mx\/mx\/wp-content\/uploads\/sites\/9\/2023\/12\/cartel-JdR-194x300.jpg 194w, https:\/\/ultracinema.x10.mx\/mx\/wp-content\/uploads\/sites\/9\/2023\/12\/cartel-JdR-768x1189.jpg 768w, https:\/\/ultracinema.x10.mx\/mx\/wp-content\/uploads\/sites\/9\/2023\/12\/cartel-JdR-480x743.jpg 480w, https:\/\/ultracinema.x10.mx\/mx\/wp-content\/uploads\/sites\/9\/2023\/12\/cartel-JdR.jpg 969w\" sizes=\"(max-width: 640px) 100vw, 640px\" \/>\t\t\t\t\t\t\t\t\t\t\t\t\t\t\t<\/div>\n\t\t\t\t<\/div>\n\t\t\t\t<\/div>\n\t\t<div class=\"elementor-element elementor-element-a76cfdf e-con-full e-flex e-con e-child\" data-id=\"a76cfdf\" data-element_type=\"container\" data-e-type=\"container\">\n\t\t\t\t<div class=\"elementor-element elementor-element-ab21586 elementor-widget elementor-widget-video\" data-id=\"ab21586\" data-element_type=\"widget\" data-e-type=\"widget\" data-settings=\"{&quot;youtube_url&quot;:&quot;https:\\\/\\\/youtu.be\\\/R8Q0NFBo2Ro&quot;,&quot;autoplay&quot;:&quot;yes&quot;,&quot;play_on_mobile&quot;:&quot;yes&quot;,&quot;video_type&quot;:&quot;youtube&quot;,&quot;controls&quot;:&quot;yes&quot;}\" data-widget_type=\"video.default\">\n\t\t\t\t<div class=\"elementor-widget-container\">\n\t\t\t\t\t\t\t<div class=\"elementor-wrapper elementor-open-inline\">\n\t\t\t<div class=\"elementor-video\"><\/div>\t\t<\/div>\n\t\t\t\t\t\t<\/div>\n\t\t\t\t<\/div>\n\t\t\t\t<\/div>\n\t\t\t\t\t<\/div>\n\t\t\t\t<\/div>\n\t\t<div class=\"elementor-element elementor-element-4ebd629 e-flex e-con-boxed e-con e-parent\" data-id=\"4ebd629\" data-element_type=\"container\" data-e-type=\"container\">\n\t\t\t\t\t<div class=\"e-con-inner\">\n\t\t\t\t<div class=\"elementor-element elementor-element-b70ec14 elementor-widget elementor-widget-heading\" data-id=\"b70ec14\" data-element_type=\"widget\" data-e-type=\"widget\" data-widget_type=\"heading.default\">\n\t\t\t\t<div class=\"elementor-widget-container\">\n\t\t\t\t\t<h2 class=\"elementor-heading-title elementor-size-default\">Selecci\u00f3n Oficial<\/h2>\t\t\t\t<\/div>\n\t\t\t\t<\/div>\n\t\t\t\t\t<\/div>\n\t\t\t\t<\/div>\n\t\t<div class=\"elementor-element elementor-element-a123329 e-flex e-con-boxed e-con e-parent\" data-id=\"a123329\" data-element_type=\"container\" data-e-type=\"container\">\n\t\t\t\t\t<div class=\"e-con-inner\">\n\t\t<div class=\"elementor-element elementor-element-c4c26f7 e-con-full e-flex e-con e-child\" data-id=\"c4c26f7\" data-element_type=\"container\" data-e-type=\"container\">\n\t\t\t\t<div class=\"elementor-element elementor-element-9a8c26a elementor-widget elementor-widget-text-editor\" data-id=\"9a8c26a\" data-element_type=\"widget\" data-e-type=\"widget\" data-widget_type=\"text-editor.default\">\n\t\t\t\t<div class=\"elementor-widget-container\">\n\t\t\t\t\t\t\t\t\t<p><strong>Programa 1<\/strong><\/p><p><br \/>Los Animales L\u00f3gicos de Armando Navarro (M\u00c9XICO-2013) 12 min.<\/p><p><br \/>Choices de Quentin Perez (FRANCIA-2015) 3 min.<\/p><p><br \/>Christmas &#8217;97 de Kevin Nichols (EUA-2014) 3 min.<\/p><p><br \/>Essay About the Gesture de Erick Tapia (M\u00c9XICO-2014) 6 min.<\/p><p><br \/>Freedom de Cinthia Blanco (M\u00c9XICO-2015) 6 min.<\/p><p><br \/>The History of Women de Darian Stansbury (ESPA\u00d1A-2014) 16 min.<\/p><p><br \/>Hypertelia de Jonathan Palomar (CANAD\u00c1-2015) 11 min.<\/p><p><br \/>The Kiss de Luis Mac\u00edas (ESPA\u00d1A-2014) 9 min.<\/p><p><br \/>Kukulk\u00e1n (Eclipses cap\u00edtulo 1) de Jorge Bordello (M\u00c9XICO-2015) 8 min.<\/p>\t\t\t\t\t\t\t\t<\/div>\n\t\t\t\t<\/div>\n\t\t\t\t<\/div>\n\t\t<div class=\"elementor-element elementor-element-5484366 e-con-full e-flex e-con e-child\" data-id=\"5484366\" data-element_type=\"container\" data-e-type=\"container\">\n\t\t\t\t<div class=\"elementor-element elementor-element-698e906 elementor-widget elementor-widget-text-editor\" data-id=\"698e906\" data-element_type=\"widget\" data-e-type=\"widget\" data-widget_type=\"text-editor.default\">\n\t\t\t\t<div class=\"elementor-widget-container\">\n\t\t\t\t\t\t\t\t\t<p><strong>Programa 2<\/strong><\/p><p><br \/>Losing The Thread de Vivian Ostrovsky (EUA-2014) 9 min.<\/p><p><br \/>Nocturno de Ricardo Dorantes (M\u00c9XICO-2015) 2 min.<\/p><p><br \/>Parting de Gregg Biermann (EUA-2015) 9 min.<\/p><p><br \/>Prehistorized de Eugene Park (EUA-2015) 7 min.<\/p><p><br \/>Retouching Memories de Aldebar\u00e1n Solares (M\u00c9XICO-2015) 3 min.<\/p><p><br \/>Stitches de Alonso Ya\u00f1ez (M\u00c9XICO-2015) 6 min.<\/p><p><br \/>Untitled, subtitled de Antonio Arango V\u00e1zquez (M\u00c9XICO-2014) 8 min.<\/p><p><br \/>Volivia de Sergio Pinedo (BOLIVIA-2015) 10 min.<\/p><p><br \/>Water dolls, fire dolls de Ander Elorza Urdangarin (ESPA\u00d1A-2014) 3 min.<\/p>\t\t\t\t\t\t\t\t<\/div>\n\t\t\t\t<\/div>\n\t\t\t\t<\/div>\n\t\t<div class=\"elementor-element elementor-element-cd9937c e-con-full e-flex e-con e-child\" data-id=\"cd9937c\" data-element_type=\"container\" data-e-type=\"container\">\n\t\t\t\t<div class=\"elementor-element elementor-element-776534e elementor-widget elementor-widget-text-editor\" data-id=\"776534e\" data-element_type=\"widget\" data-e-type=\"widget\" data-widget_type=\"text-editor.default\">\n\t\t\t\t<div class=\"elementor-widget-container\">\n\t\t\t\t\t\t\t\t\t<p><strong>Selecci\u00f3n Online<\/strong><\/p><p>Angst de Karsten Weber (ALEMANIA-2014) 5 min.<\/p><p><br \/>The big stick \/ an old reel de Saul Levine (EUA-2011) 10 min.<\/p><p><br \/>Laisse Tomber Les Filles (Leave the girls alone) de Clara Aparicio Yoldi (ESPA\u00d1A-2015) 2 min.<\/p><p><br \/>Quantumlove de Laura Focarazzo (ARGENTINA-2013) 6 min.<\/p><p><br \/>Scratchorama (Cameraless Cinerama) de Robert Lyons (EUA-2015) 3 min.<\/p><p><br \/>La Sombra de Oro de Rebeca Franco (M\u00c9XICO-2015) 5 min.<\/p><p><br \/>The Tenant | tnaneT ehT de Yuzhen Tang (CHINA-2015) 7 min.<\/p><p><br \/>\u00ab&#8230;the wound closed wearily.\u00bb de Ian Dele\u00f3n (CHINA-2012) 12 min.<\/p>\t\t\t\t\t\t\t\t<\/div>\n\t\t\t\t<\/div>\n\t\t\t\t<\/div>\n\t\t<div class=\"elementor-element elementor-element-293b0ff e-con-full e-flex e-con e-child\" data-id=\"293b0ff\" data-element_type=\"container\" data-e-type=\"container\">\n\t\t\t\t<div class=\"elementor-element elementor-element-42446b6 elementor-widget elementor-widget-image\" data-id=\"42446b6\" data-element_type=\"widget\" data-e-type=\"widget\" data-widget_type=\"image.default\">\n\t\t\t\t<div class=\"elementor-widget-container\">\n\t\t\t\t\t\t\t\t\t\t\t\t\t\t\t<img decoding=\"async\" width=\"640\" height=\"608\" src=\"https:\/\/ultracinema.x10.mx\/mx\/wp-content\/uploads\/sites\/9\/2023\/12\/LAUREL-2015-1024x973.jpg\" class=\"attachment-large size-large wp-image-113\" alt=\"\" srcset=\"https:\/\/ultracinema.x10.mx\/mx\/wp-content\/uploads\/sites\/9\/2023\/12\/LAUREL-2015-1024x973.jpg 1024w, https:\/\/ultracinema.x10.mx\/mx\/wp-content\/uploads\/sites\/9\/2023\/12\/LAUREL-2015-300x285.jpg 300w, https:\/\/ultracinema.x10.mx\/mx\/wp-content\/uploads\/sites\/9\/2023\/12\/LAUREL-2015-768x730.jpg 768w, https:\/\/ultracinema.x10.mx\/mx\/wp-content\/uploads\/sites\/9\/2023\/12\/LAUREL-2015-1536x1460.jpg 1536w, https:\/\/ultracinema.x10.mx\/mx\/wp-content\/uploads\/sites\/9\/2023\/12\/LAUREL-2015-2048x1947.jpg 2048w, https:\/\/ultracinema.x10.mx\/mx\/wp-content\/uploads\/sites\/9\/2023\/12\/LAUREL-2015-480x456.jpg 480w\" sizes=\"(max-width: 640px) 100vw, 640px\" \/>\t\t\t\t\t\t\t\t\t\t\t\t\t\t\t<\/div>\n\t\t\t\t<\/div>\n\t\t\t\t<\/div>\n\t\t\t\t\t<\/div>\n\t\t\t\t<\/div>\n\t\t<div class=\"elementor-element elementor-element-47dce1e e-flex e-con-boxed e-con e-parent\" data-id=\"47dce1e\" data-element_type=\"container\" data-e-type=\"container\">\n\t\t\t\t\t<div class=\"e-con-inner\">\n\t\t\t\t<div class=\"elementor-element elementor-element-016e1ce elementor-widget elementor-widget-html\" data-id=\"016e1ce\" data-element_type=\"widget\" data-e-type=\"widget\" data-widget_type=\"html.default\">\n\t\t\t\t<div class=\"elementor-widget-container\">\n\t\t\t\t\t<div style=\"text-align:center;\"><div style=\"margin:8px 0px 4px;\"><a href=\"https:\/\/www.calameo.com\/books\/007555981b3b796c3dd36\" target=\"_blank\">Cata\u0301logo Jornadas de Reapropiaci\u00f3n 2015<\/a><\/div><iframe src=\"\/\/v.calameo.com\/?bkcode=007555981b3b796c3dd36\" width=\"300\" height=\"194\" frameborder=\"0\" scrolling=\"no\" allowtransparency allowfullscreen style=\"margin:0 auto;\"><\/iframe><div style=\"margin:4px 0px 8px;\"><a href=\"http:\/\/www.calameo.com\/\">Publish at Calameo<\/a><\/div><\/div>\t\t\t\t<\/div>\n\t\t\t\t<\/div>\n\t\t\t\t\t<\/div>\n\t\t\t\t<\/div>\n\t\t\t\t<\/div>\n\t\t","protected":false},"excerpt":{"rendered":"<p>Selecci\u00f3n Oficial Programa 1 Los Animales L\u00f3gicos de Armando Navarro (M\u00c9XICO-2013) 12 min. Choices de Quentin Perez (FRANCIA-2015) 3 min. Christmas &#8217;97 de Kevin Nichols (EUA-2014) 3 min. Essay About the Gesture de Erick Tapia (M\u00c9XICO-2014) 6 min. Freedom de [&hellip;]<\/p>\n","protected":false},"author":1,"featured_media":0,"parent":0,"menu_order":0,"comment_status":"closed","ping_status":"closed","template":"","meta":{"footnotes":""},"class_list":["post-110","page","type-page","status-publish","hentry"],"_links":{"self":[{"href":"https:\/\/ultracinema.x10.mx\/mx\/wp-json\/wp\/v2\/pages\/110","targetHints":{"allow":["GET"]}}],"collection":[{"href":"https:\/\/ultracinema.x10.mx\/mx\/wp-json\/wp\/v2\/pages"}],"about":[{"href":"https:\/\/ultracinema.x10.mx\/mx\/wp-json\/wp\/v2\/types\/page"}],"author":[{"embeddable":true,"href":"https:\/\/ultracinema.x10.mx\/mx\/wp-json\/wp\/v2\/users\/1"}],"replies":[{"embeddable":true,"href":"https:\/\/ultracinema.x10.mx\/mx\/wp-json\/wp\/v2\/comments?post=110"}],"version-history":[{"count":10,"href":"https:\/\/ultracinema.x10.mx\/mx\/wp-json\/wp\/v2\/pages\/110\/revisions"}],"predecessor-version":[{"id":170,"href":"https:\/\/ultracinema.x10.mx\/mx\/wp-json\/wp\/v2\/pages\/110\/revisions\/170"}],"wp:attachment":[{"href":"https:\/\/ultracinema.x10.mx\/mx\/wp-json\/wp\/v2\/media?parent=110"}],"curies":[{"name":"wp","href":"https:\/\/api.w.org\/{rel}","templated":true}]}}