{"id":209,"date":"2024-01-03T22:17:43","date_gmt":"2024-01-03T21:17:43","guid":{"rendered":"https:\/\/ultracinema.x10.mx\/mx\/?page_id=209"},"modified":"2024-01-03T22:32:36","modified_gmt":"2024-01-03T21:32:36","slug":"ultracinema-2019","status":"publish","type":"page","link":"https:\/\/ultracinema.x10.mx\/mx\/ultracinema-2019\/","title":{"rendered":"ULTRAcinema 2019"},"content":{"rendered":"\t\t<div data-elementor-type=\"wp-page\" data-elementor-id=\"209\" class=\"elementor elementor-209\">\n\t\t\t\t<div class=\"elementor-element elementor-element-ac89649 e-flex e-con-boxed e-con e-parent\" data-id=\"ac89649\" data-element_type=\"container\" data-e-type=\"container\">\n\t\t\t\t\t<div class=\"e-con-inner\">\n\t\t<div class=\"elementor-element elementor-element-4ca45ad e-con-full e-flex e-con e-child\" data-id=\"4ca45ad\" data-element_type=\"container\" data-e-type=\"container\">\n\t\t\t\t<div class=\"elementor-element elementor-element-c1b76a0 elementor-widget elementor-widget-image\" data-id=\"c1b76a0\" data-element_type=\"widget\" data-e-type=\"widget\" data-widget_type=\"image.default\">\n\t\t\t\t<div class=\"elementor-widget-container\">\n\t\t\t\t\t\t\t\t\t\t\t\t\t\t\t<img fetchpriority=\"high\" decoding=\"async\" width=\"625\" height=\"887\" src=\"https:\/\/ultracinema.x10.mx\/mx\/wp-content\/uploads\/sites\/9\/2024\/01\/Captura-de-pantalla-2024-01-03-a-las-14.44.17.png\" class=\"attachment-large size-large wp-image-211\" alt=\"\" srcset=\"https:\/\/ultracinema.x10.mx\/mx\/wp-content\/uploads\/sites\/9\/2024\/01\/Captura-de-pantalla-2024-01-03-a-las-14.44.17.png 625w, https:\/\/ultracinema.x10.mx\/mx\/wp-content\/uploads\/sites\/9\/2024\/01\/Captura-de-pantalla-2024-01-03-a-las-14.44.17-211x300.png 211w, https:\/\/ultracinema.x10.mx\/mx\/wp-content\/uploads\/sites\/9\/2024\/01\/Captura-de-pantalla-2024-01-03-a-las-14.44.17-480x681.png 480w\" sizes=\"(max-width: 625px) 100vw, 625px\" \/>\t\t\t\t\t\t\t\t\t\t\t\t\t\t\t<\/div>\n\t\t\t\t<\/div>\n\t\t\t\t<\/div>\n\t\t<div class=\"elementor-element elementor-element-ebd7415 e-con-full e-flex e-con e-child\" data-id=\"ebd7415\" data-element_type=\"container\" data-e-type=\"container\">\n\t\t\t\t<div class=\"elementor-element elementor-element-53ffa82 elementor-widget elementor-widget-video\" data-id=\"53ffa82\" data-element_type=\"widget\" data-e-type=\"widget\" data-settings=\"{&quot;youtube_url&quot;:&quot;https:\\\/\\\/youtu.be\\\/y3tQ4Z24r9A&quot;,&quot;autoplay&quot;:&quot;yes&quot;,&quot;play_on_mobile&quot;:&quot;yes&quot;,&quot;video_type&quot;:&quot;youtube&quot;,&quot;controls&quot;:&quot;yes&quot;}\" data-widget_type=\"video.default\">\n\t\t\t\t<div class=\"elementor-widget-container\">\n\t\t\t\t\t\t\t<div class=\"elementor-wrapper elementor-open-inline\">\n\t\t\t<div class=\"elementor-video\"><\/div>\t\t<\/div>\n\t\t\t\t\t\t<\/div>\n\t\t\t\t<\/div>\n\t\t\t\t<\/div>\n\t\t\t\t\t<\/div>\n\t\t\t\t<\/div>\n\t\t<div class=\"elementor-element elementor-element-01e3908 e-flex e-con-boxed e-con e-parent\" data-id=\"01e3908\" data-element_type=\"container\" data-e-type=\"container\">\n\t\t\t\t\t<div class=\"e-con-inner\">\n\t\t\t\t<div class=\"elementor-element elementor-element-c54a96d elementor-widget elementor-widget-heading\" data-id=\"c54a96d\" data-element_type=\"widget\" data-e-type=\"widget\" data-widget_type=\"heading.default\">\n\t\t\t\t<div class=\"elementor-widget-container\">\n\t\t\t\t\t<h2 class=\"elementor-heading-title elementor-size-default\">Selecci\u00f3n Oficial<\/h2>\t\t\t\t<\/div>\n\t\t\t\t<\/div>\n\t\t\t\t\t<\/div>\n\t\t\t\t<\/div>\n\t\t<div class=\"elementor-element elementor-element-b12d534 e-flex e-con-boxed e-con e-parent\" data-id=\"b12d534\" data-element_type=\"container\" data-e-type=\"container\">\n\t\t\t\t\t<div class=\"e-con-inner\">\n\t\t\t\t<div class=\"elementor-element elementor-element-cd553d2 elementor-arrows-position-inside elementor-pagination-position-outside elementor-widget elementor-widget-image-carousel\" data-id=\"cd553d2\" data-element_type=\"widget\" data-e-type=\"widget\" data-settings=\"{&quot;slides_to_show&quot;:&quot;1&quot;,&quot;navigation&quot;:&quot;both&quot;,&quot;autoplay&quot;:&quot;yes&quot;,&quot;pause_on_hover&quot;:&quot;yes&quot;,&quot;pause_on_interaction&quot;:&quot;yes&quot;,&quot;autoplay_speed&quot;:5000,&quot;infinite&quot;:&quot;yes&quot;,&quot;effect&quot;:&quot;slide&quot;,&quot;speed&quot;:500}\" data-widget_type=\"image-carousel.default\">\n\t\t\t\t<div class=\"elementor-widget-container\">\n\t\t\t\t\t\t\t<div class=\"elementor-image-carousel-wrapper swiper\" role=\"region\" aria-roledescription=\"carousel\" aria-label=\"Carrusel de im\u00e1genes\" dir=\"ltr\">\n\t\t\t<div class=\"elementor-image-carousel swiper-wrapper\" aria-live=\"off\">\n\t\t\t\t\t\t\t\t<div class=\"swiper-slide\" role=\"group\" aria-roledescription=\"slide\" aria-label=\"1 de 14\"><figure class=\"swiper-slide-inner\"><img decoding=\"async\" class=\"swiper-slide-image\" src=\"https:\/\/ultracinema.x10.mx\/mx\/wp-content\/uploads\/sites\/9\/2024\/01\/2244a38222e94ec4a78440ed88b3872fZfm5zLd9ZrJD8Rgy-1-1024x768.jpg\" alt=\"2244a38222e94ec4a78440ed88b3872fZfm5zLd9ZrJD8Rgy-1\" \/><\/figure><\/div><div class=\"swiper-slide\" role=\"group\" aria-roledescription=\"slide\" aria-label=\"2 de 14\"><figure class=\"swiper-slide-inner\"><img decoding=\"async\" class=\"swiper-slide-image\" src=\"https:\/\/ultracinema.x10.mx\/mx\/wp-content\/uploads\/sites\/9\/2024\/01\/2244a38222e94ec4a78440ed88b3872fZfm5zLd9ZrJD8Rgy-2-1024x768.jpg\" alt=\"2244a38222e94ec4a78440ed88b3872fZfm5zLd9ZrJD8Rgy-2\" \/><\/figure><\/div><div class=\"swiper-slide\" role=\"group\" aria-roledescription=\"slide\" aria-label=\"3 de 14\"><figure class=\"swiper-slide-inner\"><img decoding=\"async\" class=\"swiper-slide-image\" src=\"https:\/\/ultracinema.x10.mx\/mx\/wp-content\/uploads\/sites\/9\/2024\/01\/2244a38222e94ec4a78440ed88b3872fZfm5zLd9ZrJD8Rgy-3-1024x768.jpg\" alt=\"2244a38222e94ec4a78440ed88b3872fZfm5zLd9ZrJD8Rgy-3\" \/><\/figure><\/div><div class=\"swiper-slide\" role=\"group\" aria-roledescription=\"slide\" aria-label=\"4 de 14\"><figure class=\"swiper-slide-inner\"><img decoding=\"async\" class=\"swiper-slide-image\" src=\"https:\/\/ultracinema.x10.mx\/mx\/wp-content\/uploads\/sites\/9\/2024\/01\/cartel-taller-andres-000251_page-0001-1024x768.jpg\" alt=\"cartel taller andres-000251_page-0001\" \/><\/figure><\/div><div class=\"swiper-slide\" role=\"group\" aria-roledescription=\"slide\" aria-label=\"5 de 14\"><figure class=\"swiper-slide-inner\"><img decoding=\"async\" class=\"swiper-slide-image\" src=\"https:\/\/ultracinema.x10.mx\/mx\/wp-content\/uploads\/sites\/9\/2024\/01\/cartel-taller-andres-000251_page-0002-1024x768.jpg\" alt=\"cartel taller andres-000251_page-0002\" \/><\/figure><\/div><div class=\"swiper-slide\" role=\"group\" aria-roledescription=\"slide\" aria-label=\"6 de 14\"><figure class=\"swiper-slide-inner\"><img decoding=\"async\" class=\"swiper-slide-image\" src=\"https:\/\/ultracinema.x10.mx\/mx\/wp-content\/uploads\/sites\/9\/2024\/01\/cartel-taller-andres-000251_page-0003-1024x768.jpg\" alt=\"cartel taller andres-000251_page-0003\" \/><\/figure><\/div><div class=\"swiper-slide\" role=\"group\" aria-roledescription=\"slide\" aria-label=\"7 de 14\"><figure class=\"swiper-slide-inner\"><img decoding=\"async\" class=\"swiper-slide-image\" src=\"https:\/\/ultracinema.x10.mx\/mx\/wp-content\/uploads\/sites\/9\/2024\/01\/cartel-taller-andres-000251_page-0004-1024x768.jpg\" alt=\"cartel taller andres-000251_page-0004\" \/><\/figure><\/div><div class=\"swiper-slide\" role=\"group\" aria-roledescription=\"slide\" aria-label=\"8 de 14\"><figure class=\"swiper-slide-inner\"><img decoding=\"async\" class=\"swiper-slide-image\" src=\"https:\/\/ultracinema.x10.mx\/mx\/wp-content\/uploads\/sites\/9\/2024\/01\/99225d74b4da41b49625a323c4574b3c4EYqK8JXGVUDtMPo-0-1024x768.jpg\" alt=\"99225d74b4da41b49625a323c4574b3c4EYqK8JXGVUDtMPo-0\" \/><\/figure><\/div><div class=\"swiper-slide\" role=\"group\" aria-roledescription=\"slide\" aria-label=\"9 de 14\"><figure class=\"swiper-slide-inner\"><img decoding=\"async\" class=\"swiper-slide-image\" src=\"https:\/\/ultracinema.x10.mx\/mx\/wp-content\/uploads\/sites\/9\/2024\/01\/99225d74b4da41b49625a323c4574b3c4EYqK8JXGVUDtMPo-1-1024x768.jpg\" alt=\"99225d74b4da41b49625a323c4574b3c4EYqK8JXGVUDtMPo-1\" \/><\/figure><\/div><div class=\"swiper-slide\" role=\"group\" aria-roledescription=\"slide\" aria-label=\"10 de 14\"><figure class=\"swiper-slide-inner\"><img decoding=\"async\" class=\"swiper-slide-image\" src=\"https:\/\/ultracinema.x10.mx\/mx\/wp-content\/uploads\/sites\/9\/2024\/01\/99225d74b4da41b49625a323c4574b3c4EYqK8JXGVUDtMPo-2-1024x768.jpg\" alt=\"99225d74b4da41b49625a323c4574b3c4EYqK8JXGVUDtMPo-2\" \/><\/figure><\/div><div class=\"swiper-slide\" role=\"group\" aria-roledescription=\"slide\" aria-label=\"11 de 14\"><figure class=\"swiper-slide-inner\"><img decoding=\"async\" class=\"swiper-slide-image\" src=\"https:\/\/ultracinema.x10.mx\/mx\/wp-content\/uploads\/sites\/9\/2024\/01\/99225d74b4da41b49625a323c4574b3c4EYqK8JXGVUDtMPo-3-1024x768.jpg\" alt=\"99225d74b4da41b49625a323c4574b3c4EYqK8JXGVUDtMPo-3\" \/><\/figure><\/div><div class=\"swiper-slide\" role=\"group\" aria-roledescription=\"slide\" aria-label=\"12 de 14\"><figure class=\"swiper-slide-inner\"><img decoding=\"async\" class=\"swiper-slide-image\" src=\"https:\/\/ultracinema.x10.mx\/mx\/wp-content\/uploads\/sites\/9\/2024\/01\/99225d74b4da41b49625a323c4574b3c4EYqK8JXGVUDtMPo-4-1024x768.jpg\" alt=\"99225d74b4da41b49625a323c4574b3c4EYqK8JXGVUDtMPo-4\" \/><\/figure><\/div><div class=\"swiper-slide\" role=\"group\" aria-roledescription=\"slide\" aria-label=\"13 de 14\"><figure class=\"swiper-slide-inner\"><img decoding=\"async\" class=\"swiper-slide-image\" src=\"https:\/\/ultracinema.x10.mx\/mx\/wp-content\/uploads\/sites\/9\/2024\/01\/04d41415868a479788baf675fb3df527P2dqBqOsp1UUVDUa-0-1024x768.jpg\" alt=\"fiebre de archivo\" \/><\/figure><\/div><div class=\"swiper-slide\" role=\"group\" aria-roledescription=\"slide\" aria-label=\"14 de 14\"><figure class=\"swiper-slide-inner\"><img decoding=\"async\" class=\"swiper-slide-image\" src=\"https:\/\/ultracinema.x10.mx\/mx\/wp-content\/uploads\/sites\/9\/2024\/01\/04d41415868a479788baf675fb3df527P2dqBqOsp1UUVDUa-1-1024x768.jpg\" alt=\"fiebre de archivo\" \/><\/figure><\/div>\t\t\t<\/div>\n\t\t\t\t\t\t\t\t\t\t\t\t<div class=\"elementor-swiper-button elementor-swiper-button-prev\" role=\"button\" tabindex=\"0\">\n\t\t\t\t\t\t<svg aria-hidden=\"true\" class=\"e-font-icon-svg e-eicon-chevron-left\" viewBox=\"0 0 1000 1000\" xmlns=\"http:\/\/www.w3.org\/2000\/svg\"><path d=\"M646 125C629 125 613 133 604 142L308 442C296 454 292 471 292 487 292 504 296 521 308 533L604 854C617 867 629 875 646 875 663 875 679 871 692 858 704 846 713 829 713 812 713 796 708 779 692 767L438 487 692 225C700 217 708 204 708 187 708 171 704 154 692 142 675 129 663 125 646 125Z\"><\/path><\/svg>\t\t\t\t\t<\/div>\n\t\t\t\t\t<div class=\"elementor-swiper-button elementor-swiper-button-next\" role=\"button\" tabindex=\"0\">\n\t\t\t\t\t\t<svg aria-hidden=\"true\" class=\"e-font-icon-svg e-eicon-chevron-right\" viewBox=\"0 0 1000 1000\" xmlns=\"http:\/\/www.w3.org\/2000\/svg\"><path d=\"M696 533C708 521 713 504 713 487 713 471 708 454 696 446L400 146C388 133 375 125 354 125 338 125 325 129 313 142 300 154 292 171 292 187 292 204 296 221 308 233L563 492 304 771C292 783 288 800 288 817 288 833 296 850 308 863 321 871 338 875 354 875 371 875 388 867 400 854L696 533Z\"><\/path><\/svg>\t\t\t\t\t<\/div>\n\t\t\t\t\n\t\t\t\t\t\t\t\t\t<div class=\"swiper-pagination\"><\/div>\n\t\t\t\t\t\t\t\t\t<\/div>\n\t\t\t\t\t\t<\/div>\n\t\t\t\t<\/div>\n\t\t\t\t\t<\/div>\n\t\t\t\t<\/div>\n\t\t<div class=\"elementor-element elementor-element-c4cbe21 e-flex e-con-boxed e-con e-parent\" data-id=\"c4cbe21\" data-element_type=\"container\" data-e-type=\"container\">\n\t\t\t\t\t<div class=\"e-con-inner\">\n\t\t\t\t<div class=\"elementor-element elementor-element-bd3b58f elementor-widget elementor-widget-html\" data-id=\"bd3b58f\" data-element_type=\"widget\" data-e-type=\"widget\" data-widget_type=\"html.default\">\n\t\t\t\t<div class=\"elementor-widget-container\">\n\t\t\t\t\t<div style=\"text-align:center;\"><div style=\"margin:8px 0px 4px;\"><a href=\"https:\/\/www.calameo.com\/books\/007555981161f419d06f8\" target=\"_blank\">Catalogo ULTRAcinema 2019<\/a><\/div><iframe src=\"\/\/v.calameo.com\/?bkcode=007555981161f419d06f8&mode=mini\" width=\"480\" height=\"300\" frameborder=\"0\" scrolling=\"no\" allowtransparency allowfullscreen style=\"margin:0 auto;\"><\/iframe><div style=\"margin:4px 0px 8px;\"><a href=\"http:\/\/www.calameo.com\/\" target=\"_blank\">Leer m\u00e1s publicaciones en Calam\u00e9o<\/a><\/div><\/div>\t\t\t\t<\/div>\n\t\t\t\t<\/div>\n\t\t\t\t\t<\/div>\n\t\t\t\t<\/div>\n\t\t\t\t<\/div>\n\t\t","protected":false},"excerpt":{"rendered":"<p>Selecci\u00f3n Oficial Catalogo ULTRAcinema 2019Leer m\u00e1s publicaciones en Calam\u00e9o<\/p>\n","protected":false},"author":1,"featured_media":0,"parent":0,"menu_order":0,"comment_status":"closed","ping_status":"closed","template":"","meta":{"footnotes":""},"class_list":["post-209","page","type-page","status-publish","hentry"],"_links":{"self":[{"href":"https:\/\/ultracinema.x10.mx\/mx\/wp-json\/wp\/v2\/pages\/209","targetHints":{"allow":["GET"]}}],"collection":[{"href":"https:\/\/ultracinema.x10.mx\/mx\/wp-json\/wp\/v2\/pages"}],"about":[{"href":"https:\/\/ultracinema.x10.mx\/mx\/wp-json\/wp\/v2\/types\/page"}],"author":[{"embeddable":true,"href":"https:\/\/ultracinema.x10.mx\/mx\/wp-json\/wp\/v2\/users\/1"}],"replies":[{"embeddable":true,"href":"https:\/\/ultracinema.x10.mx\/mx\/wp-json\/wp\/v2\/comments?post=209"}],"version-history":[{"count":4,"href":"https:\/\/ultracinema.x10.mx\/mx\/wp-json\/wp\/v2\/pages\/209\/revisions"}],"predecessor-version":[{"id":229,"href":"https:\/\/ultracinema.x10.mx\/mx\/wp-json\/wp\/v2\/pages\/209\/revisions\/229"}],"wp:attachment":[{"href":"https:\/\/ultracinema.x10.mx\/mx\/wp-json\/wp\/v2\/media?parent=209"}],"curies":[{"name":"wp","href":"https:\/\/api.w.org\/{rel}","templated":true}]}}