{"id":238,"date":"2024-01-06T02:48:13","date_gmt":"2024-01-06T01:48:13","guid":{"rendered":"https:\/\/ultracinema.x10.mx\/mx\/?page_id=238"},"modified":"2024-01-06T02:50:02","modified_gmt":"2024-01-06T01:50:02","slug":"manifiesto-mexico","status":"publish","type":"page","link":"https:\/\/ultracinema.x10.mx\/mx\/manifiesto-mexico\/","title":{"rendered":"Manifiesto M\u00e9xico"},"content":{"rendered":"\t\t<div data-elementor-type=\"wp-page\" data-elementor-id=\"238\" class=\"elementor elementor-238\">\n\t\t\t\t<div class=\"elementor-element elementor-element-6f51cb6 e-flex e-con-boxed e-con e-parent\" data-id=\"6f51cb6\" data-element_type=\"container\" data-e-type=\"container\">\n\t\t\t\t\t<div class=\"e-con-inner\">\n\t\t<div class=\"elementor-element elementor-element-9e59f75 e-con-full e-flex e-con e-child\" data-id=\"9e59f75\" data-element_type=\"container\" data-e-type=\"container\">\n\t\t\t\t<div class=\"elementor-element elementor-element-1dc9024 elementor-widget elementor-widget-image\" data-id=\"1dc9024\" data-element_type=\"widget\" data-e-type=\"widget\" data-widget_type=\"image.default\">\n\t\t\t\t<div class=\"elementor-widget-container\">\n\t\t\t\t\t\t\t\t\t\t\t\t\t\t\t<img fetchpriority=\"high\" decoding=\"async\" width=\"640\" height=\"956\" src=\"https:\/\/ultracinema.x10.mx\/mx\/wp-content\/uploads\/sites\/9\/2024\/01\/manifiesto-mexicob-CT.jpg\" class=\"attachment-large size-large wp-image-240\" alt=\"\" srcset=\"https:\/\/ultracinema.x10.mx\/mx\/wp-content\/uploads\/sites\/9\/2024\/01\/manifiesto-mexicob-CT.jpg 643w, https:\/\/ultracinema.x10.mx\/mx\/wp-content\/uploads\/sites\/9\/2024\/01\/manifiesto-mexicob-CT-201x300.jpg 201w, https:\/\/ultracinema.x10.mx\/mx\/wp-content\/uploads\/sites\/9\/2024\/01\/manifiesto-mexicob-CT-480x717.jpg 480w\" sizes=\"(max-width: 640px) 100vw, 640px\" \/>\t\t\t\t\t\t\t\t\t\t\t\t\t\t\t<\/div>\n\t\t\t\t<\/div>\n\t\t\t\t<\/div>\n\t\t<div class=\"elementor-element elementor-element-79c7a8d e-con-full e-flex e-con e-child\" data-id=\"79c7a8d\" data-element_type=\"container\" data-e-type=\"container\">\n\t\t\t\t<div class=\"elementor-element elementor-element-a0f25bc elementor-widget elementor-widget-video\" data-id=\"a0f25bc\" data-element_type=\"widget\" data-e-type=\"widget\" data-settings=\"{&quot;youtube_url&quot;:&quot;https:\\\/\\\/youtu.be\\\/nMFpu5hGlOE&quot;,&quot;autoplay&quot;:&quot;yes&quot;,&quot;play_on_mobile&quot;:&quot;yes&quot;,&quot;video_type&quot;:&quot;youtube&quot;,&quot;controls&quot;:&quot;yes&quot;}\" data-widget_type=\"video.default\">\n\t\t\t\t<div class=\"elementor-widget-container\">\n\t\t\t\t\t\t\t<div class=\"elementor-wrapper elementor-open-inline\">\n\t\t\t<div class=\"elementor-video\"><\/div>\t\t<\/div>\n\t\t\t\t\t\t<\/div>\n\t\t\t\t<\/div>\n\t\t\t\t<\/div>\n\t\t\t\t\t<\/div>\n\t\t\t\t<\/div>\n\t\t<div class=\"elementor-element elementor-element-a573a28 e-flex e-con-boxed e-con e-parent\" data-id=\"a573a28\" data-element_type=\"container\" data-e-type=\"container\">\n\t\t\t\t\t<div class=\"e-con-inner\">\n\t\t\t\t<div class=\"elementor-element elementor-element-ee2f737 elementor-widget elementor-widget-text-editor\" data-id=\"ee2f737\" data-element_type=\"widget\" data-e-type=\"widget\" data-widget_type=\"text-editor.default\">\n\t\t\t\t<div class=\"elementor-widget-container\">\n\t\t\t\t\t\t\t\t\t<p>En un pa\u00eds como M\u00e9xico, con una tradici\u00f3n audiovisual tan rica, este trabajo propone reapropiarse del panorama f\u00edlmico y televisivo. Todo lenguaje tiene un cal\u00f3, un cal\u00f3 que el propio pueblo ha creado apropi\u00e1ndose del lenguaje mismo. Pasa lo mismo con las Aim\u00e1genes, todos crecimos vi\u00e9ndolas, son nuestras, nos pertenecen. As\u00ed, un grupo de art\u00edstas, acad\u00e9micos y cineastas hablaremos \u00e9ste cal\u00f3 audiovisual, por que la reapropiaci\u00f3n es el arte del pueblo, cualquiera puede hacerla.<\/p><p>\u00a0<\/p><p>Compilador: Michael Ramos-Araizaga<\/p><p>Productora: Erika Maga\u00f1a Euroza\/SAPEURS MX<\/p><p>Producci\u00f3n: SAPEURS MX\/Jornadas de Reapropiaci\u00f3n.<\/p><p>Pa\u00eds: M\u00e9xico<\/p><p>A\u00f1o: 2013<\/p><p>Duraci\u00f3n: 90 min.<\/p><p>\u00a0<\/p><p>Realizaci\u00f3n:<\/p><p>Redenci\u00f3n de Ezequiel Reyes<\/p><p>Skin destination de Adriana Trujillo<\/p><p>Comunidad imaginada de Gabriela Ruvalcaba<\/p><p>Con dinero baila el perro de Mar\u00eda Jos\u00e9 Al\u00f3s<\/p><p>10 a\u00f1os de Andr\u00e9s Pardo y Santiago Casarino<\/p><p>Gitana (Tzigana) 1971 de Itzia Fern\u00e1ndez y Pedro Tzigane<\/p><p>Recuerdos de Magdalena de Bruno Varela<\/p><p>Brujos vs Curanderos de Orlando Jim\u00e9nez<\/p><p>Mexico Back to the future II de Andr\u00e9s Garc\u00eda Franco<\/p><p>Recoprilacion de Emilio Aguilar Pradal<\/p><p>Patria de Alejandra Espasande<\/p><p>Paisaje Pixeleado de Manolo Vergara<\/p><p>Popurr\u00ed ranchero de Michael Ramos-Araizaga<\/p><p>Cementerio Claro de Andr\u00e9s Pulido e Iliana Sanchez<\/p><p>\u00a0<\/p><p>Montaje y post producci\u00f3n:<\/p><p>Andr\u00e9s Pardo, Santiago Casarino y Michael Ramos-Araizaga.<\/p><p>\u00a0<\/p><p>Correcci\u00f3n de Color: Alfonso Medina y Gustavo R\u00edos<\/p><p>Sonido y Mezcla: Miss Voltaghe<\/p><p>\u00a0<\/p><p>\u00a0<\/p><p>Proyecto realizado en colaboraci\u00f3n con: SAPEURS MX \/ Bosque Negro \/ Polen Audiovisual \/ ContraMedia \/ K3 Films \/ Jinetes Sampleadores de Im\u00e1genes \/ Anticuerpo<\/p><p>\u00a0<\/p><p>LA PEL\u00cdCULA<\/p><p>\u00a0<\/p><p>Las nuevas tecnolog\u00edas de la informaci\u00f3n, la convergencia digital, la cultura de la digitalizaci\u00f3n y el remix configuran un contexto donde es necesario pensar la comunicaci\u00f3n audiovisual bajo los criterios de nuevas subjetividades y materialidades, que implican una interacci\u00f3n constante con la tecnolog\u00eda para relacionarnos y expresar nuestras identidades individuales como colectivas.\u00a0<\/p><p>\u00a0<\/p><p>El Found Footage \u2013pietaje o metraje reencontrado- est\u00e1 asociado a las pr\u00e1cticas del reempleo en el tambi\u00e9n conocido como cine reciclado, collage o reutilizado-, movimiento f\u00edlmico de vanguardia y gran crecimiento hist\u00f3rico. Es dif\u00edcil definir el origen del cine reutilizado. Ya que la pr\u00e1ctica de hacer filmes nuevos a partir de la utilizaci\u00f3n de im\u00e1genes de otros no es nueva. El reciclaje o la compilaci\u00f3n audiovisual ha sido tanto una forma f\u00edlmica (trans)hist\u00f3rica como un g\u00e9nero cinematogr\u00e1fico.<\/p><p>\u00a0<\/p><p>En la actualidad, en M\u00e9xico, el sector audiovisual a base del reempleo es el m\u00e1s innovador y experimental. \u00c9ste est\u00e1 viviendo uno de sus mejores momentos a nivel de producci\u00f3n. Y es, precisamente, dentro del cine y video contempor\u00e1neo, fuera del cine comercial, donde se dan cita el ensayo audiovisual, el cine de no \u2013 ficci\u00f3n, el videoarte, la documentaci\u00f3n performativa o la videodanza. Campos en los que mejor se mueven y con gran libertad los nuevos creadores.<\/p><p>\u00a0<\/p><p>Todo lenguaje tiene un \u201ccal\u00f3\u201d, un cal\u00f3 que el propio pueblo ha recreado apropi\u00e1ndose del lenguaje mismo. Pasa lo mismo con las im\u00e1genes, todos crecimos vi\u00e9ndolas, nos pertenecen. As\u00ed que hablamos este cal\u00f3 audiovisual, por que la reapropiaci\u00f3n sea el arte del pueblo, por que cualquiera puede hacerla.<\/p><p>\u00a0<\/p><p>Este es el primer esfuerzo colectivo de su tipo en nuestro pa\u00eds y pretende abrir la reflexi\u00f3n sobre la forma en que cada uno de sus integrantes percibe M\u00e9xico desde las diferentes vertientes del cine de reapropiaci\u00f3n.<\/p>\t\t\t\t\t\t\t\t<\/div>\n\t\t\t\t<\/div>\n\t\t\t\t\t<\/div>\n\t\t\t\t<\/div>\n\t\t\t\t<\/div>\n\t\t","protected":false},"excerpt":{"rendered":"<p>https:\/\/youtu.be\/nMFpu5hGlOE En un pa\u00eds como M\u00e9xico, con una tradici\u00f3n audiovisual tan rica, este trabajo propone reapropiarse del panorama f\u00edlmico y televisivo. Todo lenguaje tiene un cal\u00f3, un cal\u00f3 que el propio pueblo ha creado apropi\u00e1ndose del lenguaje mismo. Pasa lo [&hellip;]<\/p>\n","protected":false},"author":1,"featured_media":0,"parent":0,"menu_order":0,"comment_status":"closed","ping_status":"closed","template":"","meta":{"footnotes":""},"class_list":["post-238","page","type-page","status-publish","hentry"],"_links":{"self":[{"href":"https:\/\/ultracinema.x10.mx\/mx\/wp-json\/wp\/v2\/pages\/238","targetHints":{"allow":["GET"]}}],"collection":[{"href":"https:\/\/ultracinema.x10.mx\/mx\/wp-json\/wp\/v2\/pages"}],"about":[{"href":"https:\/\/ultracinema.x10.mx\/mx\/wp-json\/wp\/v2\/types\/page"}],"author":[{"embeddable":true,"href":"https:\/\/ultracinema.x10.mx\/mx\/wp-json\/wp\/v2\/users\/1"}],"replies":[{"embeddable":true,"href":"https:\/\/ultracinema.x10.mx\/mx\/wp-json\/wp\/v2\/comments?post=238"}],"version-history":[{"count":4,"href":"https:\/\/ultracinema.x10.mx\/mx\/wp-json\/wp\/v2\/pages\/238\/revisions"}],"predecessor-version":[{"id":243,"href":"https:\/\/ultracinema.x10.mx\/mx\/wp-json\/wp\/v2\/pages\/238\/revisions\/243"}],"wp:attachment":[{"href":"https:\/\/ultracinema.x10.mx\/mx\/wp-json\/wp\/v2\/media?parent=238"}],"curies":[{"name":"wp","href":"https:\/\/api.w.org\/{rel}","templated":true}]}}