{"id":69,"date":"2023-12-18T21:47:48","date_gmt":"2023-12-18T20:47:48","guid":{"rendered":"https:\/\/ultracinema.x10.mx\/mx\/?page_id=69"},"modified":"2023-12-18T21:54:56","modified_gmt":"2023-12-18T20:54:56","slug":"jornadas-de-reapropiacion-2012","status":"publish","type":"page","link":"https:\/\/ultracinema.x10.mx\/mx\/jornadas-de-reapropiacion-2012\/","title":{"rendered":"Jornadas de Reapropiaci\u00f3n 2012"},"content":{"rendered":"\t\t<div data-elementor-type=\"wp-page\" data-elementor-id=\"69\" class=\"elementor elementor-69\">\n\t\t\t\t<div class=\"elementor-element elementor-element-ba10f25 e-flex e-con-boxed e-con e-parent\" data-id=\"ba10f25\" data-element_type=\"container\">\n\t\t\t\t\t<div class=\"e-con-inner\">\n\t\t\t\t<div class=\"elementor-element elementor-element-bb66c7d elementor-widget elementor-widget-image\" data-id=\"bb66c7d\" data-element_type=\"widget\" data-widget_type=\"image.default\">\n\t\t\t\t<div class=\"elementor-widget-container\">\n\t\t\t\t\t\t\t\t\t\t\t\t\t\t\t<img fetchpriority=\"high\" decoding=\"async\" width=\"640\" height=\"360\" src=\"https:\/\/ultracinema.x10.mx\/mx\/wp-content\/uploads\/sites\/9\/2023\/12\/jornadas2012m-1024x576.jpg\" class=\"attachment-large size-large wp-image-71\" alt=\"\" srcset=\"https:\/\/ultracinema.x10.mx\/mx\/wp-content\/uploads\/sites\/9\/2023\/12\/jornadas2012m-1024x576.jpg 1024w, https:\/\/ultracinema.x10.mx\/mx\/wp-content\/uploads\/sites\/9\/2023\/12\/jornadas2012m-300x169.jpg 300w, https:\/\/ultracinema.x10.mx\/mx\/wp-content\/uploads\/sites\/9\/2023\/12\/jornadas2012m-768x432.jpg 768w, https:\/\/ultracinema.x10.mx\/mx\/wp-content\/uploads\/sites\/9\/2023\/12\/jornadas2012m-1536x864.jpg 1536w, https:\/\/ultracinema.x10.mx\/mx\/wp-content\/uploads\/sites\/9\/2023\/12\/jornadas2012m-480x270.jpg 480w, https:\/\/ultracinema.x10.mx\/mx\/wp-content\/uploads\/sites\/9\/2023\/12\/jornadas2012m.jpg 1920w\" sizes=\"(max-width: 640px) 100vw, 640px\" \/>\t\t\t\t\t\t\t\t\t\t\t\t\t\t\t<\/div>\n\t\t\t\t<\/div>\n\t\t\t\t\t<\/div>\n\t\t\t\t<\/div>\n\t\t<div class=\"elementor-element elementor-element-1b37353 e-flex e-con-boxed e-con e-parent\" data-id=\"1b37353\" data-element_type=\"container\">\n\t\t\t\t\t<div class=\"e-con-inner\">\n\t\t\t\t<div class=\"elementor-element elementor-element-020bc0f elementor-widget elementor-widget-video\" data-id=\"020bc0f\" data-element_type=\"widget\" data-settings=\"{&quot;youtube_url&quot;:&quot;https:\\\/\\\/youtu.be\\\/MMTxrHjG8lg&quot;,&quot;autoplay&quot;:&quot;yes&quot;,&quot;play_on_mobile&quot;:&quot;yes&quot;,&quot;video_type&quot;:&quot;youtube&quot;}\" data-widget_type=\"video.default\">\n\t\t\t\t<div class=\"elementor-widget-container\">\n\t\t\t\t\t\t\t<div class=\"elementor-wrapper elementor-open-inline\">\n\t\t\t<div class=\"elementor-video\"><\/div>\t\t<\/div>\n\t\t\t\t\t\t<\/div>\n\t\t\t\t<\/div>\n\t\t\t\t\t<\/div>\n\t\t\t\t<\/div>\n\t\t<div class=\"elementor-element elementor-element-8cb6525 e-flex e-con-boxed e-con e-parent\" data-id=\"8cb6525\" data-element_type=\"container\">\n\t\t\t\t\t<div class=\"e-con-inner\">\n\t\t\t\t<div class=\"elementor-element elementor-element-312ff1c elementor-widget elementor-widget-heading\" data-id=\"312ff1c\" data-element_type=\"widget\" data-widget_type=\"heading.default\">\n\t\t\t\t<div class=\"elementor-widget-container\">\n\t\t\t\t\t<h2 class=\"elementor-heading-title elementor-size-default\">Selecci\u00f3n Oficial<\/h2>\t\t\t\t<\/div>\n\t\t\t\t<\/div>\n\t\t\t\t\t<\/div>\n\t\t\t\t<\/div>\n\t\t<div class=\"elementor-element elementor-element-38325ca e-flex e-con-boxed e-con e-parent\" data-id=\"38325ca\" data-element_type=\"container\">\n\t\t\t\t\t<div class=\"e-con-inner\">\n\t\t<div class=\"elementor-element elementor-element-f6e52d7 e-con-full e-flex e-con e-child\" data-id=\"f6e52d7\" data-element_type=\"container\">\n\t\t\t\t<div class=\"elementor-element elementor-element-c9db527 elementor-widget elementor-widget-text-editor\" data-id=\"c9db527\" data-element_type=\"widget\" data-widget_type=\"text-editor.default\">\n\t\t\t\t<div class=\"elementor-widget-container\">\n\t\t\t\t\t\t\t\t\t<p><strong>Selecci\u00f3n Mexicana<\/strong><\/p><p>El Hind\u00fa<br \/>Michael Ramos Araizaga, 2011<br \/>1\u2019 53\u2019\u2019<\/p><p>Crank it! <br \/>Alejandra Espasande Bouza, 2012 <br \/>2\u2019 12\u2019\u2019<\/p><p>Desintegracion <br \/>Erik Tlaseca, 2011<br \/>2\u2019 29\u2019\u2019<\/p><p>Mujer Perfecta <br \/>Michael Ramos Araizaga, 2012<br \/>2\u2019 23\u2019\u2019<\/p><p>Lumiere Remix <br \/>Andr\u00e9s Garc\u00eda Franco, 2007<br \/>2\u2019 49\u201d<\/p><p>Funky Catch II <br \/>Jinetes Sampleadores de Im\u00e1genes, 2003<br \/>2&#8242; 55\u2019\u2019<\/p><p>La ca\u00edda de las \u00c1guilas <br \/>Sejen Luna, 2012<br \/>3\u2019<\/p><p>Allegro Non Molto <br \/>Alejandra Espasande, 2010 <br \/>3\u2019<\/p><p>Rosita, El Espejo <br \/>Michael Ramos Araizaga, 2009<br \/>3\u2019 01\u2019\u2019<\/p><p>Diario del ladr\u00f3n <br \/>Erik Tlaseca, 2011<br \/>3\u2019 23\u2019\u2019<\/p><p>Mi Cuba <br \/>Fidel Enr\u00edquez, 2010<br \/>4\u2019 35\u2019\u2019<\/p><p>Mercado Negro <br \/>Demi\u00e1n Flores\/Orlando Jim\u00e9nez, 2004<br \/>6\u2019<\/p><p>Charco de Sangre <br \/>Rapazound, 2005<br \/>7\u2019 20\u2019\u2019<\/p><p>Una Piedra en el Camino <br \/>Carlos Cuar\u00f3n, 2011<br \/>8\u2019<\/p><p>64-75 <br \/>Iv\u00e1n \u00c1vila Due\u00f1as, 2011<br \/>8\u2019 54\u201d<\/p><p>La muerte de Videoman<br \/>Gregorio Rocha y Fernando Llanos, 2010<br \/>8 min.<\/p><p>Familia Desconocida <br \/>Ezequiel Reyes, 2011<br \/>9\u2019 45\u201d<\/p>\t\t\t\t\t\t\t\t<\/div>\n\t\t\t\t<\/div>\n\t\t\t\t<\/div>\n\t\t<div class=\"elementor-element elementor-element-568344e e-con-full e-flex e-con e-child\" data-id=\"568344e\" data-element_type=\"container\">\n\t\t\t\t<div class=\"elementor-element elementor-element-0f9ccc3 elementor-widget elementor-widget-text-editor\" data-id=\"0f9ccc3\" data-element_type=\"widget\" data-widget_type=\"text-editor.default\">\n\t\t\t\t<div class=\"elementor-widget-container\">\n\t\t\t\t\t\t\t\t\t<p><strong>Selecci\u00f3n Internacional<\/strong><\/p><p>Sounds of Aronofsky<br \/>Kogonada 0\u2019 56\u201d<br \/>EUA-2012<\/p><p>Do the Footage<br \/>Gabriela Rubalcava 1\u2019 13\u201d<br \/>M\u00c9XICO-2011<\/p><p>Besos Felices con sirvienta negra<br \/>Eduardo Ceballos 1\u2019 33\u201d<br \/>M\u00c9XICO\/ESPA\u00d1A-2012<\/p><p>Enter The Dragon Remix<br \/>Eclectic Method 2\u2019 06\u201d<br \/>EUA-2012<\/p><p>Filmic Sculpture, Num. 3<br \/>Alberto Cabrera Bernal 2\u2019 23\u201d<br \/>ESPA\u00d1A-2012<\/p><p>Ensayo de la Imagen<br \/>Julio Godefroy 2\u2019 23\u201d<br \/>M\u00c9XICO-2010<\/p><p>A priori\/A posteriori<br \/>Alessandro Rivera 2\u2019 34\u201d<br \/>M\u00c9XICO-2012<\/p><p>Charlie Chaplin\u00b4s Rap for Freedom, Love &amp; Humanity<br \/>Sebastian Linda 3\u2019 22\u201d<br \/>ALEMANIA-2012<\/p><p>Lead Breakfast (&#8216;Pulp Fiction&#8217; Remix)<br \/>Nick Bertke 3\u2019 38\u201d<br \/>EUA-2012<\/p><p>L&#8217;Art de\u0301licat de la matraque<br \/>Jean-Gabriel P\u00e9riot 4\u2019 00\u201d<br \/>FRANCIA-2009<\/p><p>From da Space<br \/>Gordie Lachance 4\u2019 01\u201d<br \/>BELGICA-2006<\/p><p>Nitrate, mon amour<br \/>Colette Saint Yves 4\u2019 15\u201d<br \/>FRANCIA-2011<\/p><p>4500 millones de a\u00f1os de soledad<br \/>Jaiziel Hern\u00e1ndez M\u00e1ynez 4\u2019 36\u201d<br \/>M\u00c9XICO-2011<\/p><p>Elecciones 2012<br \/>Derek Badillo G\u00f3mez 6\u2019 32\u201d<br \/>M\u00c9XICO-2012<\/p><p>Textura Comercial<br \/>Francisco X. Rivera 6\u2019 42\u201d<br \/>M\u00c9XICO-2012<\/p><p>2\u221e1: A Space Cut<br \/>Antoni Pinent 8&#8242; 44\u201d<br \/>ESPA\u00d1A-2005\/2007<\/p><p>Santoral<br \/>Luis Lupone 14\u2019 03\u201d<br \/>M\u00c9XICO-2006<\/p><p>INVITADO ESPECIAL<\/p><p>El hombre sin la c\u00e1mara<br \/>Carlos Esca\u00f1o 20\u2019 52\u201d<br \/>ESPA\u00d1A-2012<\/p>\t\t\t\t\t\t\t\t<\/div>\n\t\t\t\t<\/div>\n\t\t\t\t<\/div>\n\t\t\t\t\t<\/div>\n\t\t\t\t<\/div>\n\t\t<div class=\"elementor-element elementor-element-0f01b77 e-flex e-con-boxed e-con e-parent\" data-id=\"0f01b77\" data-element_type=\"container\">\n\t\t\t\t\t<div class=\"e-con-inner\">\n\t\t<div class=\"elementor-element elementor-element-07fe112 e-con-full e-flex e-con e-child\" data-id=\"07fe112\" data-element_type=\"container\">\n\t\t\t\t<div class=\"elementor-element elementor-element-3c0bb0e elementor-widget elementor-widget-text-editor\" data-id=\"3c0bb0e\" data-element_type=\"widget\" data-widget_type=\"text-editor.default\">\n\t\t\t\t<div class=\"elementor-widget-container\">\n\t\t\t\t\t\t\t\t\t<p><strong>Pa\u00eds Invitado: Espa\u00f1a<\/strong><\/p><p>Narciso 2<br \/>Javier Viver 0\u2019 36\u201d<\/p><p>Gioconda \/ Film<br \/>Antoni Pinent 0&#8242; 50\u201d<\/p><p>Narciso 1<br \/>Javier Viver 1\u2019 40\u201d<\/p><p>Cada cuatro fotogramas<br \/>Alberto Cabrera Bernal 1\u2019 17\u201d<\/p><p>A prueba de Balas<br \/>Esther Achaerandio 1\u2019 43\u201d<\/p><p>Alone<br \/>Gerard Freixes 3\u2019 05\u201d<\/p><p>El Exorcista, El m\u00fasical (Fragmento)<br \/>David Domingo 3\u2019 23\u201d<\/p><p>Home Movie Holes<br \/>Albert Alcoz 3\u2019 44\u201d<\/p><p>The end<br \/>Fernando Franco 6\u2019 13\u201d<\/p><p>Dramatis Personae<br \/>Laboratorium 6\u2019 16\u201d<\/p><p>Pubic Hair Ban<br \/>Oriol S\u00e1nchez 7\u2019 22\u201d<\/p><p>Carlosaurio<br \/>Jos\u00e9 Ram\u00f3n Lorenzo 7\u2019 44\u201d<\/p><p>Contra el Cine<br \/>Alberto Cabrera Bernal 9\u2019 19\u201d<\/p><p>Zap War<br \/>Laura Baigorri 10\u2019 16\u201d<\/p><p>La Cosa Nuestra<br \/>Mar\u00eda Ca\u00f1as 15\u2019 00\u201d<\/p><p>Gulf War Movie<br \/>Jota Izquierdo 15\u2019 29\u201d<\/p><p>\u00a0<\/p>\t\t\t\t\t\t\t\t<\/div>\n\t\t\t\t<\/div>\n\t\t\t\t<\/div>\n\t\t<div class=\"elementor-element elementor-element-6ffe3ee e-con-full e-flex e-con e-child\" data-id=\"6ffe3ee\" data-element_type=\"container\">\n\t\t\t\t<\/div>\n\t\t\t\t\t<\/div>\n\t\t\t\t<\/div>\n\t\t\t\t<\/div>\n\t\t","protected":false},"excerpt":{"rendered":"<p>Selecci\u00f3n Oficial Selecci\u00f3n Mexicana El Hind\u00faMichael Ramos Araizaga, 20111\u2019 53\u2019\u2019 Crank it! Alejandra Espasande Bouza, 2012 2\u2019 12\u2019\u2019 Desintegracion Erik Tlaseca, 20112\u2019 29\u2019\u2019 Mujer Perfecta Michael Ramos Araizaga, 20122\u2019 23\u2019\u2019 Lumiere Remix Andr\u00e9s Garc\u00eda Franco, 20072\u2019 49\u201d Funky Catch II [&hellip;]<\/p>\n","protected":false},"author":1,"featured_media":0,"parent":0,"menu_order":0,"comment_status":"closed","ping_status":"closed","template":"","meta":{"footnotes":""},"class_list":["post-69","page","type-page","status-publish","hentry"],"_links":{"self":[{"href":"https:\/\/ultracinema.x10.mx\/mx\/wp-json\/wp\/v2\/pages\/69","targetHints":{"allow":["GET"]}}],"collection":[{"href":"https:\/\/ultracinema.x10.mx\/mx\/wp-json\/wp\/v2\/pages"}],"about":[{"href":"https:\/\/ultracinema.x10.mx\/mx\/wp-json\/wp\/v2\/types\/page"}],"author":[{"embeddable":true,"href":"https:\/\/ultracinema.x10.mx\/mx\/wp-json\/wp\/v2\/users\/1"}],"replies":[{"embeddable":true,"href":"https:\/\/ultracinema.x10.mx\/mx\/wp-json\/wp\/v2\/comments?post=69"}],"version-history":[{"count":10,"href":"https:\/\/ultracinema.x10.mx\/mx\/wp-json\/wp\/v2\/pages\/69\/revisions"}],"predecessor-version":[{"id":80,"href":"https:\/\/ultracinema.x10.mx\/mx\/wp-json\/wp\/v2\/pages\/69\/revisions\/80"}],"wp:attachment":[{"href":"https:\/\/ultracinema.x10.mx\/mx\/wp-json\/wp\/v2\/media?parent=69"}],"curies":[{"name":"wp","href":"https:\/\/api.w.org\/{rel}","templated":true}]}}