{"id":83,"date":"2023-12-18T22:03:21","date_gmt":"2023-12-18T21:03:21","guid":{"rendered":"https:\/\/ultracinema.x10.mx\/mx\/?page_id=83"},"modified":"2023-12-18T22:04:04","modified_gmt":"2023-12-18T21:04:04","slug":"jornadas-de-reapropiacion-2013","status":"publish","type":"page","link":"https:\/\/ultracinema.x10.mx\/mx\/jornadas-de-reapropiacion-2013\/","title":{"rendered":"Jornadas de Reapropiaci\u00f3n 2013"},"content":{"rendered":"\t\t<div data-elementor-type=\"wp-page\" data-elementor-id=\"83\" class=\"elementor elementor-83\">\n\t\t\t\t<div class=\"elementor-element elementor-element-8021bf1 e-flex e-con-boxed e-con e-parent\" data-id=\"8021bf1\" data-element_type=\"container\">\n\t\t\t\t\t<div class=\"e-con-inner\">\n\t\t\t\t<div class=\"elementor-element elementor-element-024c6d8 elementor-widget elementor-widget-image\" data-id=\"024c6d8\" data-element_type=\"widget\" data-widget_type=\"image.default\">\n\t\t\t\t<div class=\"elementor-widget-container\">\n\t\t\t\t\t\t\t\t\t\t\t\t\t\t\t<img fetchpriority=\"high\" decoding=\"async\" width=\"640\" height=\"360\" src=\"https:\/\/ultracinema.x10.mx\/mx\/wp-content\/uploads\/sites\/9\/2023\/12\/vlcsnap-2018-01-24-19h49m57s648.png\" class=\"attachment-large size-large wp-image-85\" alt=\"\" srcset=\"https:\/\/ultracinema.x10.mx\/mx\/wp-content\/uploads\/sites\/9\/2023\/12\/vlcsnap-2018-01-24-19h49m57s648.png 960w, https:\/\/ultracinema.x10.mx\/mx\/wp-content\/uploads\/sites\/9\/2023\/12\/vlcsnap-2018-01-24-19h49m57s648-300x169.png 300w, https:\/\/ultracinema.x10.mx\/mx\/wp-content\/uploads\/sites\/9\/2023\/12\/vlcsnap-2018-01-24-19h49m57s648-768x432.png 768w, https:\/\/ultracinema.x10.mx\/mx\/wp-content\/uploads\/sites\/9\/2023\/12\/vlcsnap-2018-01-24-19h49m57s648-480x270.png 480w\" sizes=\"(max-width: 640px) 100vw, 640px\" \/>\t\t\t\t\t\t\t\t\t\t\t\t\t\t\t<\/div>\n\t\t\t\t<\/div>\n\t\t\t\t\t<\/div>\n\t\t\t\t<\/div>\n\t\t<div class=\"elementor-element elementor-element-fdbfe88 e-flex e-con-boxed e-con e-parent\" data-id=\"fdbfe88\" data-element_type=\"container\">\n\t\t\t\t\t<div class=\"e-con-inner\">\n\t\t\t\t<div class=\"elementor-element elementor-element-4d15d11 elementor-widget elementor-widget-video\" data-id=\"4d15d11\" data-element_type=\"widget\" data-settings=\"{&quot;youtube_url&quot;:&quot;https:\\\/\\\/youtu.be\\\/CFZmFbgC1WQ&quot;,&quot;autoplay&quot;:&quot;yes&quot;,&quot;play_on_mobile&quot;:&quot;yes&quot;,&quot;video_type&quot;:&quot;youtube&quot;,&quot;controls&quot;:&quot;yes&quot;}\" data-widget_type=\"video.default\">\n\t\t\t\t<div class=\"elementor-widget-container\">\n\t\t\t\t\t\t\t<div class=\"elementor-wrapper elementor-open-inline\">\n\t\t\t<div class=\"elementor-video\"><\/div>\t\t<\/div>\n\t\t\t\t\t\t<\/div>\n\t\t\t\t<\/div>\n\t\t\t\t\t<\/div>\n\t\t\t\t<\/div>\n\t\t<div class=\"elementor-element elementor-element-b1f687f e-flex e-con-boxed e-con e-parent\" data-id=\"b1f687f\" data-element_type=\"container\">\n\t\t\t\t\t<div class=\"e-con-inner\">\n\t\t\t\t<div class=\"elementor-element elementor-element-edf73a3 elementor-widget elementor-widget-heading\" data-id=\"edf73a3\" data-element_type=\"widget\" data-widget_type=\"heading.default\">\n\t\t\t\t<div class=\"elementor-widget-container\">\n\t\t\t\t\t<h2 class=\"elementor-heading-title elementor-size-default\">Selecci\u00f3n Oficial<\/h2>\t\t\t\t<\/div>\n\t\t\t\t<\/div>\n\t\t\t\t\t<\/div>\n\t\t\t\t<\/div>\n\t\t<div class=\"elementor-element elementor-element-3ee17e1 e-flex e-con-boxed e-con e-parent\" data-id=\"3ee17e1\" data-element_type=\"container\">\n\t\t\t\t\t<div class=\"e-con-inner\">\n\t\t\t\t<div class=\"elementor-element elementor-element-8520b43 elementor-widget elementor-widget-text-editor\" data-id=\"8520b43\" data-element_type=\"widget\" data-widget_type=\"text-editor.default\">\n\t\t\t\t<div class=\"elementor-widget-container\">\n\t\t\t\t\t\t\t\t\t<p><strong>Selecci\u00f3n Oficial 2013<\/strong><\/p><p>14 x 14 &#8211; Albert Alcoz y Alberto Cabrera Bernal, Espa\u00f1a, 2012, 4 min.<\/p><p>Armando el Album Familiar &#8211; Daniela Vaca, Colombia-M\u00e9xico, 2012, 8 min.<\/p><p>Autorretrato con extra\u00f1os y uno que otro desconocido &#8211; Martha Naranjo, M\u00e9xico, 2013, 6 min.<\/p><p>Colecci\u00f3n de Cielos &#8211; Natalia Becerra, M\u00e9xico, 2013, 5 min.<\/p><p>Dead Hands &#8211; Arthur Tuoto, M\u00e9xico, 2013, 6 min.<\/p><p>El Errante &#8211; David Ya\u00f1ez, Espa\u00f1a, 2012, 8 min.<\/p><p>G\/R\/E\/A\/S\/E &#8211; Antoni Pinent, Espa\u00f1a, 2013, 20 min.<\/p><p>Jugando con un Perro Andaluz &#8211; Enrique Pi\u00f1uel, Espa\u00f1a, 2012, 3 min.<\/p><p>Lupita &#8211; Xurxo Chirro, Espa\u00f1a, 2012, 8 min.<\/p><p>Touch &#8211; Ilich Castillo, Ecuador, 2010, 6 min.<\/p><p>Unus Testis &#8211; Fabrizio Cossalter y Armando Navarro, Italia\/M\u00e9xico, 2013, 7 min.<\/p><p>Vertigo 50 &#8211; Jos\u00e9 Cabrera, Espa\u00f1a\/EUA, 2009, 14 min.<\/p><p><strong>INVITADO ESPECIAL<\/strong><\/p><p>10-17-88 \u2013 Ross Lipman, EUA, 1989\/2010, 8 min.<\/p>\t\t\t\t\t\t\t\t<\/div>\n\t\t\t\t<\/div>\n\t\t\t\t\t<\/div>\n\t\t\t\t<\/div>\n\t\t\t\t<\/div>\n\t\t","protected":false},"excerpt":{"rendered":"<p>Selecci\u00f3n Oficial Selecci\u00f3n Oficial 2013 14 x 14 &#8211; Albert Alcoz y Alberto Cabrera Bernal, Espa\u00f1a, 2012, 4 min. Armando el Album Familiar &#8211; Daniela Vaca, Colombia-M\u00e9xico, 2012, 8 min. Autorretrato con extra\u00f1os y uno que otro desconocido &#8211; Martha [&hellip;]<\/p>\n","protected":false},"author":1,"featured_media":0,"parent":0,"menu_order":0,"comment_status":"closed","ping_status":"closed","template":"","meta":{"footnotes":""},"class_list":["post-83","page","type-page","status-publish","hentry"],"_links":{"self":[{"href":"https:\/\/ultracinema.x10.mx\/mx\/wp-json\/wp\/v2\/pages\/83","targetHints":{"allow":["GET"]}}],"collection":[{"href":"https:\/\/ultracinema.x10.mx\/mx\/wp-json\/wp\/v2\/pages"}],"about":[{"href":"https:\/\/ultracinema.x10.mx\/mx\/wp-json\/wp\/v2\/types\/page"}],"author":[{"embeddable":true,"href":"https:\/\/ultracinema.x10.mx\/mx\/wp-json\/wp\/v2\/users\/1"}],"replies":[{"embeddable":true,"href":"https:\/\/ultracinema.x10.mx\/mx\/wp-json\/wp\/v2\/comments?post=83"}],"version-history":[{"count":4,"href":"https:\/\/ultracinema.x10.mx\/mx\/wp-json\/wp\/v2\/pages\/83\/revisions"}],"predecessor-version":[{"id":88,"href":"https:\/\/ultracinema.x10.mx\/mx\/wp-json\/wp\/v2\/pages\/83\/revisions\/88"}],"wp:attachment":[{"href":"https:\/\/ultracinema.x10.mx\/mx\/wp-json\/wp\/v2\/media?parent=83"}],"curies":[{"name":"wp","href":"https:\/\/api.w.org\/{rel}","templated":true}]}}